{"id":63,"date":"2025-09-17T07:28:06","date_gmt":"2025-09-17T07:28:06","guid":{"rendered":"https:\/\/www.barlois.louisst.o2switch.site\/blog\/?page_id=63"},"modified":"2025-11-19T23:53:34","modified_gmt":"2025-11-19T22:53:34","slug":"le-bts-ndrc","status":"publish","type":"page","link":"https:\/\/www.barlois.louisst.o2switch.site\/blog\/le-bts-ndrc\/","title":{"rendered":"Le BTS NDRC"},"content":{"rendered":"\n<p class=\"has-text-align-left has-ast-global-color-5-color has-text-color has-link-color wp-elements-5486bb0c974311333e0d8ef589dee380\" style=\"font-size:14px\">Le BTS N\u00e9gociation et Digitalisation de la Relation Client (NDRC) propos\u00e9 par <strong>SupAlta Lyon<\/strong> est bien plus qu\u2019une simple formation : c\u2019est une exp\u00e9rience immersive qui vous pr\u00e9pare \u00e0 exceller dans les m\u00e9tiers du commerce, de la n\u00e9gociation et du digital. En plein c\u0153ur de Lyon, SupAlta vous offre un cadre moderne et dynamique, o\u00f9 th\u00e9orie et pratique se rencontrent pour former les experts de demain.<\/p>\n\n\n\n<p class=\"has-ast-global-color-5-color has-text-color has-link-color wp-elements-fd78063e21f031a810ec8f62882d487b\"><strong>Pourquoi SupAlta Lyon est le bon choix ?<\/strong><\/p>\n\n\n\n<ul class=\"wp-block-list has-ast-global-color-4-color has-text-color has-link-color wp-elements-9b1e4317944c3401ae09193ee9e7a4d3\">\n<li class=\"has-ast-global-color-5-color has-text-color has-link-color wp-elements-9100c3b67fad54237d7c2ce481f3116f\" style=\"font-size:14px\"><strong>Une p\u00e9dagogie active<\/strong> : Des cours th\u00e9oriques enrichis par des mises en situation professionnelle, pour vous pr\u00e9parer aux r\u00e9alit\u00e9s du terrain.<\/li>\n\n\n\n<li class=\"has-ast-global-color-5-color has-text-color has-link-color wp-elements-675996bc3cc99564c59d301da2281e9b\" style=\"font-size:14px\"><strong>Un r\u00e9seau d\u2019entreprises solide<\/strong> : Des partenariats avec des acteurs locaux et nationaux, offrant des opportunit\u00e9s de stages et d\u2019alternance pour booster votre employabilit\u00e9.<\/li>\n\n\n\n<li class=\"has-ast-global-color-5-color has-text-color has-link-color wp-elements-e8ec8919ec83d52d65872e52d9a3dd88\" style=\"font-size:14px\"><strong>Un environnement inspirant<\/strong> : Un campus \u00e9quip\u00e9 des derniers outils digitaux et des espaces collaboratifs pour favoriser l\u2019apprentissage et l\u2019innovation.<\/li>\n<\/ul>\n\n\n\n<p class=\"has-ast-global-color-5-color has-text-color has-link-color wp-elements-813d2ec8837e7488718ac37380add6e4\"><strong>Tableau des mati\u00e8res et horaires<\/strong><\/p>\n\n\n\n<p class=\"has-ast-global-color-5-color has-text-color has-link-color wp-elements-66a76a390e07dd3cf9d4e7d623ce757b\"><strong>1\u00e8re Ann\u00e9e<\/strong><\/p>\n\n\n\n<figure style=\"font-size:15px\" class=\"wp-block-table\"><table class=\"has-black-color has-text-color has-link-color has-fixed-layout\"><thead><tr><th>Mati\u00e8re<\/th><th>Heures\/semaine<\/th><\/tr><\/thead><tbody><tr><td>Culture g\u00e9n\u00e9rale et expression<\/td><td>3h<\/td><\/tr><tr><td>Langue vivante \u00e9trang\u00e8re 1 (Anglais)<\/td><td>3h<\/td><\/tr><tr><td>Culture \u00e9conomique, juridique et manag\u00e9riale<\/td><td>4h<\/td><\/tr><tr><td>Relation client et animation de r\u00e9seaux<\/td><td>6h<\/td><\/tr><tr><td>N\u00e9gociation et digitalisation de la relation client<\/td><td>8h<\/td><\/tr><tr><td>Gestion de projet<\/td><td>2h<\/td><\/tr><tr><td>Ateliers professionnels<\/td><td>4h<\/td><\/tr><\/tbody><\/table><\/figure>\n\n\n\n<hr class=\"wp-block-separator has-alpha-channel-opacity\"\/>\n\n\n\n<p class=\"has-ast-global-color-5-color has-text-color has-link-color wp-elements-ab9f2e997b6b110e27050908f83baaa4\"><strong>2\u00e8me Ann\u00e9e<\/strong><\/p>\n\n\n\n<figure class=\"wp-block-table\"><table class=\"has-ast-global-color-5-color has-text-color has-link-color has-fixed-layout\"><thead><tr><th>Mati\u00e8re<\/th><th>Heures\/semaine<\/th><\/tr><\/thead><tbody><tr><td>Culture g\u00e9n\u00e9rale et expression<\/td><td>3h<\/td><\/tr><tr><td>Langue vivante \u00e9trang\u00e8re 1 (Anglais)<\/td><td>3h<\/td><\/tr><tr><td>Culture \u00e9conomique, juridique et manag\u00e9riale<\/td><td>3h<\/td><\/tr><tr><td>Relation client \u00e0 distance et digitalisation<\/td><td>7h<\/td><\/tr><tr><td>N\u00e9gociation et gestion de la relation client<\/td><td>7h<\/td><\/tr><tr><td>Gestion de projet<\/td><td>3h<\/td><\/tr><tr><td>Stage en entreprise<\/td><td>16h<\/td><\/tr><\/tbody><\/table><\/figure>\n\n\n\n<p class=\"has-text-align-center has-ast-global-color-5-color has-text-color has-link-color wp-elements-1aaa572305bb14657b9213f918700ebd\"><strong>Nous retrouver:<\/strong><\/p>\n\n\n\t\t\t<div \n\t\t\tclass=\"wp-block-uagb-google-map uagb-google-map__wrap uagb-block-d2ec1d4e     \"\n\t\t\tstyle=\"\" >\n\t\t\t\t<embed\n\t\t\t\t\tclass=\"uagb-google-map__iframe\"\n\t\t\t\t\ttitle=\"Carte Google pour \"\n\t\t\t\t\tsrc=\"https:\/\/maps.google.com\/maps?q=38%20rue%20pierre%20dupont&#038;z=14&#038;hl=fr&#038;t=m&#038;output=embed&#038;iwloc=near\"\n\t\t\t\t\twidth=\"640\"\n\t\t\t\t\theight=\"285\"\n\t\t\t\t\tloading=\"lazy\"\n\t\t\t\t><\/embed>\n\t\t\t<\/div>\n\t\t\t\n\n\n<div class=\"wp-block-uagb-countdown uagb-block-41a4fcef\"><div class=\"wp-block-uagb-countdown__box wp-block-uagb-countdown__box-days\"><div role=\"timer\" aria-live=\"off\" class=\"wp-block-uagb-countdown__time wp-block-uagb-countdown__time-days\">&#8211;<\/div><div class=\"wp-block-uagb-countdown__label\">DAYS<\/div><\/div><div class=\"wp-block-uagb-countdown__box wp-block-uagb-countdown__box-hours\"><div role=\"timer\" aria-live=\"off\" class=\"wp-block-uagb-countdown__time wp-block-uagb-countdown__time-hours\">&#8211;<\/div><div class=\"wp-block-uagb-countdown__label\">HOURS<\/div><\/div><div class=\"wp-block-uagb-countdown__box wp-block-uagb-countdown__box-minutes\"><div role=\"timer\" aria-live=\"off\" class=\"wp-block-uagb-countdown__time wp-block-uagb-countdown__time-minutes\">&#8211;<\/div><div class=\"wp-block-uagb-countdown__label\">MINUTES<\/div><\/div><div class=\"wp-block-uagb-countdown__box wp-block-uagb-countdown__box-seconds\"><div role=\"timer\" aria-live=\"off\" class=\"wp-block-uagb-countdown__time wp-block-uagb-countdown__time-seconds\">&#8211;<\/div><div class=\"wp-block-uagb-countdown__label\">SECONDS<\/div><\/div><\/div>\n\n\n\n<p class=\"has-ast-global-color-4-background-color has-background\"><\/p>\n\n\n\n<p><\/p>\n","protected":false},"excerpt":{"rendered":"<p>Le BTS N\u00e9gociation et Digitalisation de la Relation Client (NDRC) propos\u00e9 par SupAlta Lyon est bien plus qu\u2019une simple formation [&hellip;]<\/p>\n","protected":false},"author":1,"featured_media":0,"parent":0,"menu_order":0,"comment_status":"closed","ping_status":"closed","template":"","meta":{"_uag_custom_page_level_css":"","site-sidebar-layout":"default","site-content-layout":"","ast-site-content-layout":"default","site-content-style":"default","site-sidebar-style":"default","ast-global-header-display":"","ast-banner-title-visibility":"","ast-main-header-display":"","ast-hfb-above-header-display":"","ast-hfb-below-header-display":"","ast-hfb-mobile-header-display":"","site-post-title":"","ast-breadcrumbs-content":"","ast-featured-img":"","footer-sml-layout":"","theme-transparent-header-meta":"","adv-header-id-meta":"","stick-header-meta":"","header-above-stick-meta":"","header-main-stick-meta":"","header-below-stick-meta":"","astra-migrate-meta-layouts":"default","ast-page-background-enabled":"default","ast-page-background-meta":{"desktop":{"background-color":"var(--ast-global-color-5)","background-image":"","background-repeat":"repeat","background-position":"center center","background-size":"auto","background-attachment":"scroll","background-type":"","background-media":"","overlay-type":"","overlay-color":"","overlay-opacity":"","overlay-gradient":""},"tablet":{"background-color":"","background-image":"","background-repeat":"repeat","background-position":"center center","background-size":"auto","background-attachment":"scroll","background-type":"","background-media":"","overlay-type":"","overlay-color":"","overlay-opacity":"","overlay-gradient":""},"mobile":{"background-color":"","background-image":"","background-repeat":"repeat","background-position":"center center","background-size":"auto","background-attachment":"scroll","background-type":"","background-media":"","overlay-type":"","overlay-color":"","overlay-opacity":"","overlay-gradient":""}},"ast-content-background-meta":{"desktop":{"background-color":"var(--ast-global-color-4)","background-image":"","background-repeat":"repeat","background-position":"center center","background-size":"auto","background-attachment":"scroll","background-type":"","background-media":"","overlay-type":"","overlay-color":"","overlay-opacity":"","overlay-gradient":""},"tablet":{"background-color":"var(--ast-global-color-4)","background-image":"","background-repeat":"repeat","background-position":"center center","background-size":"auto","background-attachment":"scroll","background-type":"","background-media":"","overlay-type":"","overlay-color":"","overlay-opacity":"","overlay-gradient":""},"mobile":{"background-color":"var(--ast-global-color-4)","background-image":"","background-repeat":"repeat","background-position":"center center","background-size":"auto","background-attachment":"scroll","background-type":"","background-media":"","overlay-type":"","overlay-color":"","overlay-opacity":"","overlay-gradient":""}},"footnotes":""},"class_list":["post-63","page","type-page","status-publish","hentry"],"uagb_featured_image_src":{"full":false,"thumbnail":false,"medium":false,"medium_large":false,"large":false,"1536x1536":false,"2048x2048":false},"uagb_author_info":{"display_name":"admin","author_link":"https:\/\/www.barlois.louisst.o2switch.site\/blog\/author\/admin\/"},"uagb_comment_info":0,"uagb_excerpt":"Le BTS N\u00e9gociation et Digitalisation de la Relation Client (NDRC) propos\u00e9 par SupAlta Lyon est bien plus qu\u2019une simple formation [&hellip;]","_links":{"self":[{"href":"https:\/\/www.barlois.louisst.o2switch.site\/blog\/wp-json\/wp\/v2\/pages\/63","targetHints":{"allow":["GET"]}}],"collection":[{"href":"https:\/\/www.barlois.louisst.o2switch.site\/blog\/wp-json\/wp\/v2\/pages"}],"about":[{"href":"https:\/\/www.barlois.louisst.o2switch.site\/blog\/wp-json\/wp\/v2\/types\/page"}],"author":[{"embeddable":true,"href":"https:\/\/www.barlois.louisst.o2switch.site\/blog\/wp-json\/wp\/v2\/users\/1"}],"replies":[{"embeddable":true,"href":"https:\/\/www.barlois.louisst.o2switch.site\/blog\/wp-json\/wp\/v2\/comments?post=63"}],"version-history":[{"count":13,"href":"https:\/\/www.barlois.louisst.o2switch.site\/blog\/wp-json\/wp\/v2\/pages\/63\/revisions"}],"predecessor-version":[{"id":291,"href":"https:\/\/www.barlois.louisst.o2switch.site\/blog\/wp-json\/wp\/v2\/pages\/63\/revisions\/291"}],"wp:attachment":[{"href":"https:\/\/www.barlois.louisst.o2switch.site\/blog\/wp-json\/wp\/v2\/media?parent=63"}],"curies":[{"name":"wp","href":"https:\/\/api.w.org\/{rel}","templated":true}]}}